{"id":82,"date":"2026-03-25T10:58:38","date_gmt":"2026-03-25T09:58:38","guid":{"rendered":"https:\/\/aventuraformation.eu\/?page_id=82"},"modified":"2026-03-29T20:16:05","modified_gmt":"2026-03-29T19:16:05","slug":"accueil","status":"publish","type":"page","link":"https:\/\/aventuraformation.eu\/index.php\/accueil\/","title":{"rendered":"Accueil"},"content":{"rendered":"\t\t<div data-elementor-type=\"wp-page\" data-elementor-id=\"82\" class=\"elementor elementor-82\">\n\t\t\t\t<div class=\"elementor-element elementor-element-230427d e-flex e-con-boxed e-con e-parent\" data-id=\"230427d\" data-element_type=\"container\" data-e-type=\"container\">\n\t\t\t\t\t<div class=\"e-con-inner\">\n\t\t\t\t<div class=\"elementor-element elementor-element-1b80043 elementor-widget elementor-widget-heading\" data-id=\"1b80043\" data-element_type=\"widget\" data-e-type=\"widget\" data-widget_type=\"heading.default\">\n\t\t\t\t\t<h1 class=\"elementor-heading-title elementor-size-default\"><b><u>AVENTURA<\/u> <u>FORMATION<\/u><\/b><br><br><p data-start=\"567\" data-end=\"651\"><span data-start=\"583\" data-end=\"651\">Des savoirs qui te transforment. Une formation qui te ressemble.<\/span><span><\/span><\/p><\/h1>\t\t\t\t<\/div>\n\t\t\t\t\t<\/div>\n\t\t\t\t<\/div>\n\t\t<div class=\"elementor-element elementor-element-def2e1e e-grid e-con-boxed e-con e-parent\" data-id=\"def2e1e\" data-element_type=\"container\" data-e-type=\"container\">\n\t\t\t\t\t<div class=\"e-con-inner\">\n\t\t\t\t<div class=\"elementor-element elementor-element-6f8f3aa elementor-widget elementor-widget-image\" data-id=\"6f8f3aa\" data-element_type=\"widget\" data-e-type=\"widget\" data-widget_type=\"image.default\">\n\t\t\t\t\t\t\t\t\t\t\t\t\t\t\t<img fetchpriority=\"high\" decoding=\"async\" width=\"683\" height=\"1024\" src=\"http:\/\/aventuraformation.eu\/wp-content\/uploads\/2026\/03\/ChatGPT-Image-29-mars-2026-16_58_08-683x1024.jpg\" class=\"attachment-large size-large wp-image-168\" alt=\"\" srcset=\"http:\/\/aventuraformation.eu\/wp-content\/uploads\/2026\/03\/ChatGPT-Image-29-mars-2026-16_58_08-683x1024.jpg 683w, http:\/\/aventuraformation.eu\/wp-content\/uploads\/2026\/03\/ChatGPT-Image-29-mars-2026-16_58_08-200x300.jpg 200w, http:\/\/aventuraformation.eu\/wp-content\/uploads\/2026\/03\/ChatGPT-Image-29-mars-2026-16_58_08-768x1152.jpg 768w, http:\/\/aventuraformation.eu\/wp-content\/uploads\/2026\/03\/ChatGPT-Image-29-mars-2026-16_58_08.jpg 1024w\" sizes=\"(max-width: 683px) 100vw, 683px\" \/>\t\t\t\t\t\t\t\t\t\t\t\t\t\t\t<\/div>\n\t\t\t\t<div class=\"elementor-element elementor-element-2023841 elementor-widget elementor-widget-image\" data-id=\"2023841\" data-element_type=\"widget\" data-e-type=\"widget\" data-widget_type=\"image.default\">\n\t\t\t\t\t\t\t\t\t\t\t\t\t\t\t<img decoding=\"async\" width=\"683\" height=\"1024\" src=\"http:\/\/aventuraformation.eu\/wp-content\/uploads\/2026\/03\/ChatGPT-Image-29-mars-2026-21_09_14-683x1024.jpg\" class=\"attachment-large size-large wp-image-202\" alt=\"\" srcset=\"http:\/\/aventuraformation.eu\/wp-content\/uploads\/2026\/03\/ChatGPT-Image-29-mars-2026-21_09_14-683x1024.jpg 683w, http:\/\/aventuraformation.eu\/wp-content\/uploads\/2026\/03\/ChatGPT-Image-29-mars-2026-21_09_14-200x300.jpg 200w, http:\/\/aventuraformation.eu\/wp-content\/uploads\/2026\/03\/ChatGPT-Image-29-mars-2026-21_09_14-768x1152.jpg 768w, http:\/\/aventuraformation.eu\/wp-content\/uploads\/2026\/03\/ChatGPT-Image-29-mars-2026-21_09_14.jpg 1024w\" sizes=\"(max-width: 683px) 100vw, 683px\" \/>\t\t\t\t\t\t\t\t\t\t\t\t\t\t\t<\/div>\n\t\t\t\t<div class=\"elementor-element elementor-element-2107048 elementor-widget elementor-widget-image\" data-id=\"2107048\" data-element_type=\"widget\" data-e-type=\"widget\" data-widget_type=\"image.default\">\n\t\t\t\t\t\t\t\t\t\t\t\t\t\t\t<img decoding=\"async\" width=\"683\" height=\"1024\" src=\"http:\/\/aventuraformation.eu\/wp-content\/uploads\/2026\/03\/ChatGPT-Image-29-mars-2026-20_51_22-683x1024.jpg\" class=\"attachment-large size-large wp-image-199\" alt=\"\" srcset=\"http:\/\/aventuraformation.eu\/wp-content\/uploads\/2026\/03\/ChatGPT-Image-29-mars-2026-20_51_22-683x1024.jpg 683w, http:\/\/aventuraformation.eu\/wp-content\/uploads\/2026\/03\/ChatGPT-Image-29-mars-2026-20_51_22-200x300.jpg 200w, http:\/\/aventuraformation.eu\/wp-content\/uploads\/2026\/03\/ChatGPT-Image-29-mars-2026-20_51_22-768x1152.jpg 768w, http:\/\/aventuraformation.eu\/wp-content\/uploads\/2026\/03\/ChatGPT-Image-29-mars-2026-20_51_22.jpg 1024w\" sizes=\"(max-width: 683px) 100vw, 683px\" \/>\t\t\t\t\t\t\t\t\t\t\t\t\t\t\t<\/div>\n\t\t\t\t<div class=\"elementor-element elementor-element-14a193f elementor-widget elementor-widget-image\" data-id=\"14a193f\" data-element_type=\"widget\" data-e-type=\"widget\" data-widget_type=\"image.default\">\n\t\t\t\t\t\t\t\t\t\t\t\t\t\t\t<img loading=\"lazy\" decoding=\"async\" width=\"683\" height=\"1024\" src=\"http:\/\/aventuraformation.eu\/wp-content\/uploads\/2026\/03\/ChatGPT-Image-29-mars-2026-21_15_28-683x1024.jpg\" class=\"attachment-large size-large wp-image-203\" alt=\"\" srcset=\"http:\/\/aventuraformation.eu\/wp-content\/uploads\/2026\/03\/ChatGPT-Image-29-mars-2026-21_15_28-683x1024.jpg 683w, http:\/\/aventuraformation.eu\/wp-content\/uploads\/2026\/03\/ChatGPT-Image-29-mars-2026-21_15_28-200x300.jpg 200w, http:\/\/aventuraformation.eu\/wp-content\/uploads\/2026\/03\/ChatGPT-Image-29-mars-2026-21_15_28-768x1152.jpg 768w, http:\/\/aventuraformation.eu\/wp-content\/uploads\/2026\/03\/ChatGPT-Image-29-mars-2026-21_15_28.jpg 1024w\" sizes=\"(max-width: 683px) 100vw, 683px\" \/>\t\t\t\t\t\t\t\t\t\t\t\t\t\t\t<\/div>\n\t\t\t\t\t<\/div>\n\t\t\t\t<\/div>\n\t\t<div class=\"elementor-element elementor-element-352c36b e-flex e-con-boxed e-con e-parent\" data-id=\"352c36b\" data-element_type=\"container\" data-e-type=\"container\">\n\t\t\t\t\t<div class=\"e-con-inner\">\n\t\t\t\t<div class=\"elementor-element elementor-element-f119281 elementor-widget elementor-widget-heading\" data-id=\"f119281\" data-element_type=\"widget\" data-e-type=\"widget\" data-widget_type=\"heading.default\">\n\t\t\t\t\t<h6 class=\"elementor-heading-title elementor-size-default\"><p data-start=\"256\" data-end=\"312\"><span data-start=\"256\" data-end=\"312\">Aventura Formation, des savoirs qui te transforment.<\/span><\/p><p data-start=\"256\" data-end=\"312\"><span>Nous proposons des formations et accompagnements accessibles \u00e0 tous, que ce soit pour un parcours scolaire, professionnel ou personnel.<\/span><\/p><p data-start=\"451\" data-end=\"578\">Notre approche est flexible et adapt\u00e9e \u00e0 chaque besoin: formations compl\u00e8tes, modules \u00e0 la carte ou accompagnement individuel.<\/p><p data-start=\"580\" data-end=\"776\">Tous les domaines dans lesquels nous formons sont \u00e9galement des domaines que nous pratiquons. Cette double expertise permet de proposer des contenus concrets, r\u00e9alistes et directement applicables.<\/p><p data-start=\"778\" data-end=\"946\">Tu peux apprendre \u00e0 ton rythme, selon tes objectifs, avec des supports vari\u00e9s : cours en ligne, fiches pratiques, outils m\u00e9thodologiques et accompagnement personnalis\u00e9.<\/p><p data-start=\"948\" data-end=\"1120\">Nous proposons \u00e9galement du soutien individuel, que ce soit pour la r\u00e9ussite scolaire ou pour des besoins sp\u00e9cifiques (bureautique, informatique, r\u00e9daction, organisation\u2026).<\/p><p data-start=\"1122\" data-end=\"1277\">Certaines comp\u00e9tences sont transversales et se retrouvent dans plusieurs parcours, afin de d\u00e9velopper des bases solides et utiles dans diff\u00e9rents domaines.<\/p><p data-start=\"1279\" data-end=\"1368\">Un seul objectif : te donner les cl\u00e9s pour comprendre, progresser et gagner en autonomie.<\/p><p data-start=\"1370\" data-end=\"1442\">Explore les diff\u00e9rentes cat\u00e9gories et construis ton parcours sur mesure.<\/p><\/h6>\t\t\t\t<\/div>\n\t\t\t\t\t<\/div>\n\t\t\t\t<\/div>\n\t\t<div class=\"elementor-element elementor-element-7e99ecb e-flex e-con-boxed e-con e-parent\" data-id=\"7e99ecb\" data-element_type=\"container\" data-e-type=\"container\">\n\t\t\t\t\t<div class=\"e-con-inner\">\n\t\t<div class=\"elementor-element elementor-element-5aa818a e-grid e-con-full e-con e-child\" data-id=\"5aa818a\" data-element_type=\"container\" data-e-type=\"container\">\n\t\t\t\t<div class=\"elementor-element elementor-element-577916e elementor-widget elementor-widget-image\" data-id=\"577916e\" data-element_type=\"widget\" data-e-type=\"widget\" data-widget_type=\"image.default\">\n\t\t\t\t\t\t\t\t\t\t\t\t\t\t\t<img loading=\"lazy\" decoding=\"async\" width=\"1024\" height=\"683\" src=\"http:\/\/aventuraformation.eu\/wp-content\/uploads\/2026\/03\/ChatGPT-Image-29-mars-2026-19_36_49-1024x683.jpg\" class=\"attachment-large size-large wp-image-184\" alt=\"\" srcset=\"http:\/\/aventuraformation.eu\/wp-content\/uploads\/2026\/03\/ChatGPT-Image-29-mars-2026-19_36_49-1024x683.jpg 1024w, http:\/\/aventuraformation.eu\/wp-content\/uploads\/2026\/03\/ChatGPT-Image-29-mars-2026-19_36_49-300x200.jpg 300w, http:\/\/aventuraformation.eu\/wp-content\/uploads\/2026\/03\/ChatGPT-Image-29-mars-2026-19_36_49-768x512.jpg 768w, http:\/\/aventuraformation.eu\/wp-content\/uploads\/2026\/03\/ChatGPT-Image-29-mars-2026-19_36_49.jpg 1536w\" sizes=\"(max-width: 1024px) 100vw, 1024px\" \/>\t\t\t\t\t\t\t\t\t\t\t\t\t\t\t<\/div>\n\t\t\t\t<div class=\"elementor-element elementor-element-2a753a0 elementor-widget elementor-widget-image\" data-id=\"2a753a0\" data-element_type=\"widget\" data-e-type=\"widget\" data-widget_type=\"image.default\">\n\t\t\t\t\t\t\t\t\t\t\t\t\t\t\t<img loading=\"lazy\" decoding=\"async\" width=\"1024\" height=\"683\" src=\"http:\/\/aventuraformation.eu\/wp-content\/uploads\/2026\/03\/ChatGPT-Image-29-mars-2026-19_41_20-1024x683.jpg\" class=\"attachment-large size-large wp-image-186\" alt=\"\" srcset=\"http:\/\/aventuraformation.eu\/wp-content\/uploads\/2026\/03\/ChatGPT-Image-29-mars-2026-19_41_20-1024x683.jpg 1024w, http:\/\/aventuraformation.eu\/wp-content\/uploads\/2026\/03\/ChatGPT-Image-29-mars-2026-19_41_20-300x200.jpg 300w, http:\/\/aventuraformation.eu\/wp-content\/uploads\/2026\/03\/ChatGPT-Image-29-mars-2026-19_41_20-768x512.jpg 768w, http:\/\/aventuraformation.eu\/wp-content\/uploads\/2026\/03\/ChatGPT-Image-29-mars-2026-19_41_20.jpg 1536w\" sizes=\"(max-width: 1024px) 100vw, 1024px\" \/>\t\t\t\t\t\t\t\t\t\t\t\t\t\t\t<\/div>\n\t\t\t\t<div class=\"elementor-element elementor-element-b856418 elementor-widget elementor-widget-image\" data-id=\"b856418\" data-element_type=\"widget\" data-e-type=\"widget\" data-widget_type=\"image.default\">\n\t\t\t\t\t\t\t\t\t\t\t\t\t\t\t<img loading=\"lazy\" decoding=\"async\" width=\"1024\" height=\"683\" src=\"http:\/\/aventuraformation.eu\/wp-content\/uploads\/2026\/03\/ChatGPT-Image-29-mars-2026-19_45_25-1024x683.jpg\" class=\"attachment-large size-large wp-image-187\" alt=\"\" srcset=\"http:\/\/aventuraformation.eu\/wp-content\/uploads\/2026\/03\/ChatGPT-Image-29-mars-2026-19_45_25-1024x683.jpg 1024w, http:\/\/aventuraformation.eu\/wp-content\/uploads\/2026\/03\/ChatGPT-Image-29-mars-2026-19_45_25-300x200.jpg 300w, http:\/\/aventuraformation.eu\/wp-content\/uploads\/2026\/03\/ChatGPT-Image-29-mars-2026-19_45_25-768x512.jpg 768w, http:\/\/aventuraformation.eu\/wp-content\/uploads\/2026\/03\/ChatGPT-Image-29-mars-2026-19_45_25.jpg 1536w\" sizes=\"(max-width: 1024px) 100vw, 1024px\" \/>\t\t\t\t\t\t\t\t\t\t\t\t\t\t\t<\/div>\n\t\t\t\t<div class=\"elementor-element elementor-element-ce9beb5 elementor-widget elementor-widget-image\" data-id=\"ce9beb5\" data-element_type=\"widget\" data-e-type=\"widget\" data-widget_type=\"image.default\">\n\t\t\t\t\t\t\t\t\t\t\t\t\t\t\t<img loading=\"lazy\" decoding=\"async\" width=\"1024\" height=\"683\" src=\"http:\/\/aventuraformation.eu\/wp-content\/uploads\/2026\/03\/ChatGPT-Image-29-mars-2026-19_39_48-1024x683.jpg\" class=\"attachment-large size-large wp-image-185\" alt=\"\" srcset=\"http:\/\/aventuraformation.eu\/wp-content\/uploads\/2026\/03\/ChatGPT-Image-29-mars-2026-19_39_48-1024x683.jpg 1024w, http:\/\/aventuraformation.eu\/wp-content\/uploads\/2026\/03\/ChatGPT-Image-29-mars-2026-19_39_48-300x200.jpg 300w, http:\/\/aventuraformation.eu\/wp-content\/uploads\/2026\/03\/ChatGPT-Image-29-mars-2026-19_39_48-768x512.jpg 768w, http:\/\/aventuraformation.eu\/wp-content\/uploads\/2026\/03\/ChatGPT-Image-29-mars-2026-19_39_48.jpg 1536w\" sizes=\"(max-width: 1024px) 100vw, 1024px\" \/>\t\t\t\t\t\t\t\t\t\t\t\t\t\t\t<\/div>\n\t\t\t\t<\/div>\n\t\t\t\t\t<\/div>\n\t\t\t\t<\/div>\n\t\t<div class=\"elementor-element elementor-element-1819508 e-flex e-con-boxed e-con e-parent\" data-id=\"1819508\" data-element_type=\"container\" data-e-type=\"container\">\n\t\t\t\t\t<div class=\"e-con-inner\">\n\t\t<div class=\"elementor-element elementor-element-9b98feb e-con-full e-flex e-con e-child\" data-id=\"9b98feb\" data-element_type=\"container\" data-e-type=\"container\">\n\t\t\t\t<\/div>\n\t\t<div class=\"elementor-element elementor-element-a96ef60 e-con-full e-flex e-con e-child\" data-id=\"a96ef60\" data-element_type=\"container\" data-e-type=\"container\">\n\t\t\t\t<\/div>\n\t\t\t\t\t<\/div>\n\t\t\t\t<\/div>\n\t\t\t\t<\/div>\n\t\t","protected":false},"excerpt":{"rendered":"<p>AVENTURA FORMATION Des savoirs qui te transforment. Une formation qui te ressemble. Aventura Formation, des savoirs qui te transforment. Nous proposons des formations et accompagnements accessibles \u00e0 tous, que ce soit pour un parcours scolaire, professionnel ou personnel. Notre approche est flexible et adapt\u00e9e \u00e0 chaque besoin: formations compl\u00e8tes, modules \u00e0 la carte ou accompagnement&#8230;<\/p>\n","protected":false},"author":1,"featured_media":0,"parent":0,"menu_order":0,"comment_status":"closed","ping_status":"closed","template":"","meta":{"_kad_post_transparent":"","_kad_post_title":"hide","_kad_post_layout":"fullwidth","_kad_post_sidebar_id":"","_kad_post_content_style":"unboxed","_kad_post_vertical_padding":"hide","_kad_post_feature":"hide","_kad_post_feature_position":"","_kad_post_header":false,"_kad_post_footer":false,"_kad_post_classname":"","footnotes":""},"class_list":["post-82","page","type-page","status-publish","hentry"],"_links":{"self":[{"href":"https:\/\/aventuraformation.eu\/index.php\/wp-json\/wp\/v2\/pages\/82","targetHints":{"allow":["GET"]}}],"collection":[{"href":"https:\/\/aventuraformation.eu\/index.php\/wp-json\/wp\/v2\/pages"}],"about":[{"href":"https:\/\/aventuraformation.eu\/index.php\/wp-json\/wp\/v2\/types\/page"}],"author":[{"embeddable":true,"href":"https:\/\/aventuraformation.eu\/index.php\/wp-json\/wp\/v2\/users\/1"}],"replies":[{"embeddable":true,"href":"https:\/\/aventuraformation.eu\/index.php\/wp-json\/wp\/v2\/comments?post=82"}],"version-history":[{"count":38,"href":"https:\/\/aventuraformation.eu\/index.php\/wp-json\/wp\/v2\/pages\/82\/revisions"}],"predecessor-version":[{"id":207,"href":"https:\/\/aventuraformation.eu\/index.php\/wp-json\/wp\/v2\/pages\/82\/revisions\/207"}],"wp:attachment":[{"href":"https:\/\/aventuraformation.eu\/index.php\/wp-json\/wp\/v2\/media?parent=82"}],"curies":[{"name":"wp","href":"https:\/\/api.w.org\/{rel}","templated":true}]}}